{"id":619,"date":"2012-11-01T16:53:34","date_gmt":"2012-11-01T15:53:34","guid":{"rendered":"http:\/\/www.gendiag.com\/alliances\/"},"modified":"2021-06-09T08:48:02","modified_gmt":"2021-06-09T07:48:02","slug":"alliances","status":"publish","type":"page","link":"https:\/\/www.gendiag.com\/ca\/alliances\/","title":{"rendered":"Aliances"},"content":{"rendered":"<p>[et_pb_section fb_built=&#8221;1&#8243; admin_label=&#8221;section&#8221; _builder_version=&#8221;4.9.4&#8243; custom_padding=&#8221;0px||0px||false|false&#8221;][et_pb_row _builder_version=&#8221;4.9.4&#8243; _module_preset=&#8221;default&#8221; background_color=&#8221;#2b96cc&#8221;][et_pb_column type=&#8221;4_4&#8243; _builder_version=&#8221;4.9.4&#8243; _module_preset=&#8221;default&#8221;][et_pb_text _builder_version=&#8221;4.9.4&#8243; _module_preset=&#8221;default&#8221; header_text_align=&#8221;center&#8221; header_text_color=&#8221;#FFFFFF&#8221; hover_enabled=&#8221;0&#8243; sticky_enabled=&#8221;0&#8243;]<\/p>\n<h1>Aliances<\/h1>\n<p>[\/et_pb_text][\/et_pb_column][\/et_pb_row][et_pb_row column_structure=&#8221;2_5,3_5&#8243; _builder_version=&#8221;4.9.4&#8243; _module_preset=&#8221;default&#8221;][et_pb_column type=&#8221;2_5&#8243; _builder_version=&#8221;4.9.4&#8243; _module_preset=&#8221;default&#8221;][et_pb_image src=&#8221;https:\/\/www.gendiag.com\/wp-content\/uploads\/2012\/11\/alianzas.jpg&#8221; title_text=&#8221;alianzas&#8221; _builder_version=&#8221;4.9.4&#8243; _module_preset=&#8221;default&#8221;][\/et_pb_image][\/et_pb_column][et_pb_column type=&#8221;3_5&#8243; _builder_version=&#8221;4.9.4&#8243; _module_preset=&#8221;default&#8221;][et_pb_text _builder_version=&#8221;4.9.4&#8243; _module_preset=&#8221;default&#8221; hover_enabled=&#8221;0&#8243; sticky_enabled=&#8221;0&#8243;]<\/p>\n<p>\u2013 Gendiag facilita la transfer\u00e8ncia tecnol\u00f2gica de noves idees que puguin significar un aven\u00e7 en la prevenci\u00f3, en el diagn\u00f2stic i en el tractament personalitzat de malalties d\u2019alt impacte sanitari.<\/p>\n<p>\u2013 L\u2019esquema de treball de Gendiag promou acords amb els investigadors que garanteixin a la vegada, la seva vinculaci\u00f3 al projecte i una participaci\u00f3 en els resultats comercials de la seva idea convertida en producte.<\/p>\n<p>\u2013 Quan un projecte \u00e9s presentat a Gendiag, \u00e9s avaluat en profunditat atenent a la seva tipologia: eines de diagn\u00f2stic, noves dianes, nous medicaments per a l\u2019 \u00fas en humans. Si el projecte es considera viable, Gendiag forma un equip de treball interdisciplinari responsable del seu desenvolupament i al que s\u2019incorpora l\u2019investigador que ho ha proposat.<\/p>\n<p>\u2013 Ens interessa el seu projecte amb base cient\u00edfica, per a convertir-lo en una realitat d\u2019aplicaci\u00f3 sanit\u00e0ria.<span>\u00a0<\/span><a href=\"https:\/\/web.archive.org\/web\/20201029190910\/http:\/\/www.gendiag.com\/ca\/contacte\/\">Contacteu-nos<\/a><\/p>\n<p>\u2013 Gendiag posa el seu equip al servei de les empreses farmac\u00e8utiques per a desenvolupar projectes d\u2019eines de diagn\u00f2stic.<\/p>\n<p>\u2013 Desitgem establir acords i\/o aliances per a col\u00b7laborar en el desenvolupament i explotaci\u00f3 comercial de productes a nivell mundial.<span>\u00a0<\/span><a href=\"https:\/\/web.archive.org\/web\/20201029190910\/http:\/\/www.gendiag.com\/ca\/contacte\/\">Contacteu-nos<\/a><\/p>\n<p>[\/et_pb_text][\/et_pb_column][\/et_pb_row][\/et_pb_section]<\/p>\n","protected":false},"excerpt":{"rendered":"<p>Aliances\u2013 Gendiag facilita la transfer\u00e8ncia tecnol\u00f2gica de noves idees que puguin significar un aven\u00e7 en la prevenci\u00f3, en el diagn\u00f2stic i en el tractament personalitzat de malalties d\u2019alt impacte sanitari. \u2013 L\u2019esquema de treball de Gendiag promou acords amb els investigadors que garanteixin a la vegada, la seva vinculaci\u00f3 al projecte i una participaci\u00f3 en [&hellip;]<\/p>\n","protected":false},"author":1,"featured_media":0,"parent":0,"menu_order":0,"comment_status":"closed","ping_status":"closed","template":"","meta":{"_et_pb_use_builder":"on","_et_pb_old_content":"","_et_gb_content_width":""},"_links":{"self":[{"href":"https:\/\/www.gendiag.com\/ca\/wp-json\/wp\/v2\/pages\/619"}],"collection":[{"href":"https:\/\/www.gendiag.com\/ca\/wp-json\/wp\/v2\/pages"}],"about":[{"href":"https:\/\/www.gendiag.com\/ca\/wp-json\/wp\/v2\/types\/page"}],"author":[{"embeddable":true,"href":"https:\/\/www.gendiag.com\/ca\/wp-json\/wp\/v2\/users\/1"}],"replies":[{"embeddable":true,"href":"https:\/\/www.gendiag.com\/ca\/wp-json\/wp\/v2\/comments?post=619"}],"version-history":[{"count":2,"href":"https:\/\/www.gendiag.com\/ca\/wp-json\/wp\/v2\/pages\/619\/revisions"}],"predecessor-version":[{"id":2382,"href":"https:\/\/www.gendiag.com\/ca\/wp-json\/wp\/v2\/pages\/619\/revisions\/2382"}],"wp:attachment":[{"href":"https:\/\/www.gendiag.com\/ca\/wp-json\/wp\/v2\/media?parent=619"}],"curies":[{"name":"wp","href":"https:\/\/api.w.org\/{rel}","templated":true}]}}