{"id":604,"date":"2012-11-01T16:02:23","date_gmt":"2012-11-01T15:02:23","guid":{"rendered":"http:\/\/www.gendiag.com\/eixos-dactivitat\/"},"modified":"2021-06-09T08:41:09","modified_gmt":"2021-06-09T07:41:09","slug":"eixos-dactivitat","status":"publish","type":"page","link":"https:\/\/www.gendiag.com\/ca\/companyia\/eixos-dactivitat\/","title":{"rendered":"Eixos d&#8217;activitat"},"content":{"rendered":"<p>[et_pb_section fb_built=&#8221;1&#8243; admin_label=&#8221;section&#8221; _builder_version=&#8221;4.9.4&#8243; custom_padding=&#8221;0px||0px||false|false&#8221;][et_pb_row _builder_version=&#8221;4.9.4&#8243; _module_preset=&#8221;default&#8221; background_color=&#8221;#2b96cc&#8221; background_enable_image=&#8221;off&#8221; background_size=&#8221;initial&#8221; background_position=&#8221;top_left&#8221; background_repeat=&#8221;repeat-x&#8221;][et_pb_column type=&#8221;4_4&#8243; _builder_version=&#8221;4.9.4&#8243; _module_preset=&#8221;default&#8221;][et_pb_text _builder_version=&#8221;4.9.4&#8243; _module_preset=&#8221;default&#8221; header_text_color=&#8221;#FFFFFF&#8221; hover_enabled=&#8221;0&#8243; sticky_enabled=&#8221;0&#8243;]<\/p>\n<h1 style=\"text-align: center;\">EIXOS D&#8217;ACTIVITAT<\/h1>\n<p>[\/et_pb_text][\/et_pb_column][\/et_pb_row][et_pb_row column_structure=&#8221;2_5,3_5&#8243; admin_label=&#8221;row&#8221; _builder_version=&#8221;3.25&#8243; background_size=&#8221;initial&#8221; background_position=&#8221;top_left&#8221; background_repeat=&#8221;repeat&#8221;][et_pb_column type=&#8221;2_5&#8243; _builder_version=&#8221;3.25&#8243; custom_padding=&#8221;|||&#8221; custom_padding__hover=&#8221;|||&#8221;][et_pb_image src=&#8221;https:\/\/www.gendiag.com\/wp-content\/uploads\/2016\/03\/slide15-900&#215;435-960&#215;435.jpg&#8221; title_text=&#8221;slide15-900&#215;435-960&#215;435&#8243; align=&#8221;center&#8221; _builder_version=&#8221;4.9.4&#8243; _module_preset=&#8221;default&#8221; hover_enabled=&#8221;0&#8243; sticky_enabled=&#8221;0&#8243;][\/et_pb_image][\/et_pb_column][et_pb_column type=&#8221;3_5&#8243; _builder_version=&#8221;3.25&#8243; custom_padding=&#8221;|||&#8221; custom_padding__hover=&#8221;|||&#8221;][et_pb_text admin_label=&#8221;Text&#8221; _builder_version=&#8221;4.9.4&#8243; background_size=&#8221;initial&#8221; background_position=&#8221;top_left&#8221; background_repeat=&#8221;repeat&#8221; hover_enabled=&#8221;0&#8243; sticky_enabled=&#8221;0&#8243;]<\/p>\n<p align=\"justify\"><strong>Gendiag<\/strong><span>\u00a0<\/span>es dedica a la cerca, an\u00e0lisi i selecci\u00f3 de projectes biotecnol\u00f2gics que presentin un perfil competitiu destinats a mercats innovadors. Aquests projectes tindran dues vessants principals:<\/p>\n<p align=\"justify\">\u2013 Eines de diagn\u00f2stic, en especial mitjan\u00e7ant plataformes de diagn\u00f2stic gen\u00e8tic.<\/p>\n<p align=\"justify\">\u2013 Noves dianes terap\u00e8utiques<\/p>\n<p align=\"justify\"><strong>Gendiag<\/strong><span>\u00a0<\/span>ajudar\u00e0 a la Recerca i Desenvolupament dels projectes m\u00e9s competitius, mitjan\u00e7ant la col\u00b7laboraci\u00f3 amb el centre d\u2019excel\u00b7l\u00e8ncia generador de les idees.<\/p>\n<p align=\"justify\"><strong>Gendiag<\/strong><span>\u00a0<\/span>incrementar\u00e0 el valor afegit de projectes d\u2019elevada inversi\u00f3 mitjan\u00e7ant el desenvolupament de les fases inicials, i posterior llic\u00e8ncia del projecte a companyies farmac\u00e8utiques.<\/p>\n<p align=\"justify\"><strong>Gendiag<\/strong><span>\u00a0<\/span>comercialitzar\u00e0 por medis propis o mitjan\u00e7ant aliances, les plataformes de diagn\u00f2stic pr\u00f2pies o desenvolupades amb la col\u00b7laboraci\u00f3 de tercers.<\/p>\n<p align=\"justify\"><strong>Gendiag<\/strong><span>\u00a0<\/span>assessorar\u00e0 a terceres companyies en el sector farmac\u00e8utic en los processos de recerca, desenvolupament i comercialitzaci\u00f3 de productes.<\/p>\n<p>[\/et_pb_text][et_pb_text _builder_version=&#8221;4.9.4&#8243; _module_preset=&#8221;default&#8221; text_font_size=&#8221;28px&#8221; hover_enabled=&#8221;0&#8243; custom_css_main_element=&#8221;color: #1e73be;||    text-align: left;||    font-family: Abril Fatface;||    font-weight: 400;||    font-style: normal;&#8221; sticky_enabled=&#8221;0&#8243;]<\/p>\n<p>&#8220;Desenvolupem eines de diagn\u00f2stic&#8230;<br \/>&#8230;apliquem la medicina personalitzada.&#8221;<\/p>\n<p>[\/et_pb_text][\/et_pb_column][\/et_pb_row][\/et_pb_section]<\/p>\n","protected":false},"excerpt":{"rendered":"<p>EIXOS D&#8217;ACTIVITATGendiag\u00a0es dedica a la cerca, an\u00e0lisi i selecci\u00f3 de projectes biotecnol\u00f2gics que presentin un perfil competitiu destinats a mercats innovadors. Aquests projectes tindran dues vessants principals: \u2013 Eines de diagn\u00f2stic, en especial mitjan\u00e7ant plataformes de diagn\u00f2stic gen\u00e8tic. \u2013 Noves dianes terap\u00e8utiques Gendiag\u00a0ajudar\u00e0 a la Recerca i Desenvolupament dels projectes m\u00e9s competitius, mitjan\u00e7ant la col\u00b7laboraci\u00f3 [&hellip;]<\/p>\n","protected":false},"author":1,"featured_media":0,"parent":598,"menu_order":1,"comment_status":"closed","ping_status":"closed","template":"","meta":{"_et_pb_use_builder":"on","_et_pb_old_content":"","_et_gb_content_width":""},"_links":{"self":[{"href":"https:\/\/www.gendiag.com\/ca\/wp-json\/wp\/v2\/pages\/604"}],"collection":[{"href":"https:\/\/www.gendiag.com\/ca\/wp-json\/wp\/v2\/pages"}],"about":[{"href":"https:\/\/www.gendiag.com\/ca\/wp-json\/wp\/v2\/types\/page"}],"author":[{"embeddable":true,"href":"https:\/\/www.gendiag.com\/ca\/wp-json\/wp\/v2\/users\/1"}],"replies":[{"embeddable":true,"href":"https:\/\/www.gendiag.com\/ca\/wp-json\/wp\/v2\/comments?post=604"}],"version-history":[{"count":3,"href":"https:\/\/www.gendiag.com\/ca\/wp-json\/wp\/v2\/pages\/604\/revisions"}],"predecessor-version":[{"id":2378,"href":"https:\/\/www.gendiag.com\/ca\/wp-json\/wp\/v2\/pages\/604\/revisions\/2378"}],"up":[{"embeddable":true,"href":"https:\/\/www.gendiag.com\/ca\/wp-json\/wp\/v2\/pages\/598"}],"wp:attachment":[{"href":"https:\/\/www.gendiag.com\/ca\/wp-json\/wp\/v2\/media?parent=604"}],"curies":[{"name":"wp","href":"https:\/\/api.w.org\/{rel}","templated":true}]}}