{"id":601,"date":"2012-11-01T12:01:26","date_gmt":"2012-11-01T11:01:26","guid":{"rendered":"http:\/\/www.gendiag.com\/la-nostra-filosofia\/"},"modified":"2021-06-09T08:37:53","modified_gmt":"2021-06-09T07:37:53","slug":"la-nostra-filosofia","status":"publish","type":"page","link":"https:\/\/www.gendiag.com\/ca\/companyia\/la-nostra-filosofia\/","title":{"rendered":"La Nostra Filosofia"},"content":{"rendered":"<p>[et_pb_section fb_built=&#8221;1&#8243; admin_label=&#8221;section&#8221; _builder_version=&#8221;4.9.4&#8243; custom_padding=&#8221;0px||0px||false|false&#8221;][et_pb_row _builder_version=&#8221;4.9.4&#8243; _module_preset=&#8221;default&#8221; background_color=&#8221;#2b96cc&#8221; background_enable_image=&#8221;off&#8221; background_size=&#8221;initial&#8221; background_position=&#8221;top_left&#8221; background_repeat=&#8221;repeat-x&#8221;][et_pb_column type=&#8221;4_4&#8243; _builder_version=&#8221;4.9.4&#8243; _module_preset=&#8221;default&#8221;][et_pb_text _builder_version=&#8221;4.9.4&#8243; _module_preset=&#8221;default&#8221; header_text_color=&#8221;#FFFFFF&#8221; hover_enabled=&#8221;0&#8243; sticky_enabled=&#8221;0&#8243;]<\/p>\n<h1 style=\"text-align: center;\">LA NOSTRA FILOSOFIA<\/h1>\n<p>[\/et_pb_text][\/et_pb_column][\/et_pb_row][et_pb_row column_structure=&#8221;2_5,3_5&#8243; admin_label=&#8221;row&#8221; _builder_version=&#8221;3.25&#8243; background_size=&#8221;initial&#8221; background_position=&#8221;top_left&#8221; background_repeat=&#8221;repeat&#8221;][et_pb_column type=&#8221;2_5&#8243; _builder_version=&#8221;3.25&#8243; custom_padding=&#8221;|||&#8221; custom_padding__hover=&#8221;|||&#8221;][et_pb_image src=&#8221;https:\/\/www.gendiag.com\/wp-content\/uploads\/2012\/11\/nuestra_filosofia.jpg&#8221; title_text=&#8221;nuestra_filosofia&#8221; align=&#8221;center&#8221; _builder_version=&#8221;4.9.4&#8243; _module_preset=&#8221;default&#8221;][\/et_pb_image][\/et_pb_column][et_pb_column type=&#8221;3_5&#8243; _builder_version=&#8221;3.25&#8243; custom_padding=&#8221;|||&#8221; custom_padding__hover=&#8221;|||&#8221;][et_pb_text admin_label=&#8221;Text&#8221; _builder_version=&#8221;4.9.4&#8243; background_size=&#8221;initial&#8221; background_position=&#8221;top_left&#8221; background_repeat=&#8221;repeat&#8221; hover_enabled=&#8221;0&#8243; sticky_enabled=&#8221;0&#8243;]<\/p>\n<p>Entenem que el diagn\u00f2stic gen\u00e8tic expandeix el concepte convencional de diagn\u00f2stic, ja que permetr\u00e0:<\/p>\n<p>\u2013 Establir la predisposici\u00f3 a patir una malaltia<\/p>\n<p>\u2013 Realitzar una detecci\u00f3 preco\u00e7 de la malaltia<\/p>\n<p>\u2013 Confirmar el diagn\u00f2stic i enriquir-lo<\/p>\n<p>\u2013 Predir en cada pacient el pron\u00f2stic i evoluci\u00f3 de la malaltia<\/p>\n<p>\u2013 Establir el tractament m\u00e9s idoni (m\u00e9s efica\u00e7 i amb menys efectes adversos)<\/p>\n<p>Tenim cura de les aliances amb investigadors, institucions de recerca, empreses biotecnol\u00f2giques i\/o empreses farmac\u00e8utiques perqu\u00e8 siguin satisfact\u00f2ries per a ambdues parts alhora que reeixides. S\u00f3n aliances<span>\u00a0<\/span><em>win to win<\/em>.<\/p>\n<p>Posem al servei de l\u2019investigador el nostre equip interdisciplinari, facilitem que l\u2019investigador segueixi fent recerca i no hagi de dedicar el seu temps a generar una spin-off per a desenvolupar el seu projecte.<\/p>\n<p>[\/et_pb_text][et_pb_text _builder_version=&#8221;4.9.4&#8243; _module_preset=&#8221;default&#8221; text_font_size=&#8221;28px&#8221; hover_enabled=&#8221;0&#8243; custom_css_main_element=&#8221;color: #1e73be;||    text-align: left;||    font-family: Abril Fatface;||    font-weight: 400;||    font-style: normal;&#8221; header_2_text_color=&#8221;#0C71C3&#8243; sticky_enabled=&#8221;0&#8243;]<\/p>\n<h2>&#8220;Apreciem el valor dels investigadors \u2026<br \/>&#8230;contribu\u00efm a la salut de les persones.&#8221;<\/h2>\n<p>[\/et_pb_text][\/et_pb_column][\/et_pb_row][\/et_pb_section]<\/p>\n","protected":false},"excerpt":{"rendered":"<p>LA NOSTRA FILOSOFIAEntenem que el diagn\u00f2stic gen\u00e8tic expandeix el concepte convencional de diagn\u00f2stic, ja que permetr\u00e0: \u2013 Establir la predisposici\u00f3 a patir una malaltia \u2013 Realitzar una detecci\u00f3 preco\u00e7 de la malaltia \u2013 Confirmar el diagn\u00f2stic i enriquir-lo \u2013 Predir en cada pacient el pron\u00f2stic i evoluci\u00f3 de la malaltia \u2013 Establir el tractament m\u00e9s [&hellip;]<\/p>\n","protected":false},"author":1,"featured_media":0,"parent":598,"menu_order":0,"comment_status":"closed","ping_status":"closed","template":"","meta":{"_et_pb_use_builder":"on","_et_pb_old_content":"","_et_gb_content_width":""},"_links":{"self":[{"href":"https:\/\/www.gendiag.com\/ca\/wp-json\/wp\/v2\/pages\/601"}],"collection":[{"href":"https:\/\/www.gendiag.com\/ca\/wp-json\/wp\/v2\/pages"}],"about":[{"href":"https:\/\/www.gendiag.com\/ca\/wp-json\/wp\/v2\/types\/page"}],"author":[{"embeddable":true,"href":"https:\/\/www.gendiag.com\/ca\/wp-json\/wp\/v2\/users\/1"}],"replies":[{"embeddable":true,"href":"https:\/\/www.gendiag.com\/ca\/wp-json\/wp\/v2\/comments?post=601"}],"version-history":[{"count":1,"href":"https:\/\/www.gendiag.com\/ca\/wp-json\/wp\/v2\/pages\/601\/revisions"}],"predecessor-version":[{"id":2376,"href":"https:\/\/www.gendiag.com\/ca\/wp-json\/wp\/v2\/pages\/601\/revisions\/2376"}],"up":[{"embeddable":true,"href":"https:\/\/www.gendiag.com\/ca\/wp-json\/wp\/v2\/pages\/598"}],"wp:attachment":[{"href":"https:\/\/www.gendiag.com\/ca\/wp-json\/wp\/v2\/media?parent=601"}],"curies":[{"name":"wp","href":"https:\/\/api.w.org\/{rel}","templated":true}]}}