{"id":598,"date":"2012-11-01T11:52:32","date_gmt":"2012-11-01T10:52:32","guid":{"rendered":"http:\/\/www.gendiag.com\/companyia\/"},"modified":"2018-03-22T13:14:33","modified_gmt":"2018-03-22T12:14:33","slug":"companyia","status":"publish","type":"page","link":"https:\/\/www.gendiag.com\/ca\/companyia\/","title":{"rendered":"Companyia"},"content":{"rendered":"<p>[vc_row][vc_column width=&#8221;2\/3&#8243;][vc_column_text]<\/p>\n<p style=\"text-align: justify;\">Gendiag\u00a0es una companyia biotecnol\u00f2gica de recerca\u00a0i desenvolupament, que va n\u00e8ixer a l\u2019any 2006 amb l\u2019objectiu\u00a0de proveir d&#8217;una Medicina Personalitzada, posant al servei de la societat eines de diagn\u00f2stic gen\u00e8tic que suposin un aven\u00e7 en la prevenci\u00f3, diagn\u00f2stic i en el tractament personalitzat de malalties d\u2019alt impacte sanitari, en un \u00e0mbit de comercialitzaci\u00f3 internacional.<\/p>\n<p style=\"text-align: justify;\">Gendiag est\u00e0 \u00a0formada per un equip hum\u00e0 procedent del sector farmac\u00e8utic i biotecnol\u00f2gic, amb \u00a0experi\u00e8ncia en recerca, avaluaci\u00f3 de projectes, desenvolupament i comercialitzaci\u00f3 de nous productes.<\/p>\n<p style=\"text-align: justify;\">Gendiag estableix aliances amb investigadors, institucions de recerca, companyies biotecnol\u00f2giques i\/o empreses farmac\u00e8utiques, per a incorporar tant productes com projectes per desenvolupar-los de la manera m\u00e9s r\u00e0pida i efica\u00e7.<\/p>\n<p>[\/vc_column_text][\/vc_column][vc_column width=&#8221;1\/3&#8243;][vc_single_image image=&#8221;26&#8243; img_size=&#8221;full&#8221; style=&#8221;vc_box_rounded&#8221;][\/vc_column][\/vc_row][vc_row bg_image=&#8221;1074&#8243; padding=&#8221;0&#8243; el_class=&#8221;img-left&#8221;][vc_column][vc_row_inner][vc_column_inner width=&#8221;1\/3&#8243;][medicom_absolute_image image=&#8221;1406&#8243; link=&#8221;\/ca\/companyia\/la-nostra-filosofia\/&#8221; title=&#8221;La Nostra Filosofia&#8221; top=&#8221;80px&#8221; left=&#8221;-60px&#8221;][\/vc_column_inner][vc_column_inner width=&#8221;1\/3&#8243;][medicom_absolute_image image=&#8221;1407&#8243; link=&#8221;\/ca\/companyia\/eixos-dactivitat\/&#8221; title=&#8221;Eixos d\u2019activitat&#8221; top=&#8221;50px&#8221; left=&#8221;-50px&#8221;][\/vc_column_inner][vc_column_inner width=&#8221;1\/3&#8243;][medicom_absolute_image image=&#8221;1405&#8243; link=&#8221;\/ca\/companyia\/missio-visio\/&#8221; title=&#8221;Missi\u00f3-Visi\u00f3&#8221; top=&#8221;30px&#8221; left=&#8221;-48px&#8221;][\/vc_column_inner][\/vc_row_inner][\/vc_column][\/vc_row]<\/p>\n","protected":false},"excerpt":{"rendered":"<p>[vc_row][vc_column width=&#8221;2\/3&#8243;][vc_column_text] Gendiag\u00a0es una companyia biotecnol\u00f2gica de recerca\u00a0i desenvolupament, que va n\u00e8ixer a l\u2019any 2006 amb l\u2019objectiu\u00a0de proveir d&#8217;una Medicina Personalitzada, posant al servei de la societat eines de diagn\u00f2stic gen\u00e8tic que suposin un aven\u00e7 en la prevenci\u00f3, diagn\u00f2stic i en el tractament personalitzat de malalties d\u2019alt impacte sanitari, en un \u00e0mbit de comercialitzaci\u00f3 internacional. [&hellip;]<\/p>\n","protected":false},"author":1,"featured_media":0,"parent":0,"menu_order":0,"comment_status":"closed","ping_status":"closed","template":"","meta":{"_et_pb_use_builder":"on","_et_pb_old_content":"","_et_gb_content_width":""},"_links":{"self":[{"href":"https:\/\/www.gendiag.com\/ca\/wp-json\/wp\/v2\/pages\/598"}],"collection":[{"href":"https:\/\/www.gendiag.com\/ca\/wp-json\/wp\/v2\/pages"}],"about":[{"href":"https:\/\/www.gendiag.com\/ca\/wp-json\/wp\/v2\/types\/page"}],"author":[{"embeddable":true,"href":"https:\/\/www.gendiag.com\/ca\/wp-json\/wp\/v2\/users\/1"}],"replies":[{"embeddable":true,"href":"https:\/\/www.gendiag.com\/ca\/wp-json\/wp\/v2\/comments?post=598"}],"version-history":[{"count":1,"href":"https:\/\/www.gendiag.com\/ca\/wp-json\/wp\/v2\/pages\/598\/revisions"}],"predecessor-version":[{"id":1798,"href":"https:\/\/www.gendiag.com\/ca\/wp-json\/wp\/v2\/pages\/598\/revisions\/1798"}],"wp:attachment":[{"href":"https:\/\/www.gendiag.com\/ca\/wp-json\/wp\/v2\/media?parent=598"}],"curies":[{"name":"wp","href":"https:\/\/api.w.org\/{rel}","templated":true}]}}