{"id":1424,"date":"2016-03-12T11:27:28","date_gmt":"2016-03-12T10:27:28","guid":{"rendered":"http:\/\/www.gendiag.com\/?page_id=1424"},"modified":"2021-06-07T09:40:57","modified_gmt":"2021-06-07T08:40:57","slug":"inicio-3","status":"publish","type":"page","link":"https:\/\/www.gendiag.com\/ca\/","title":{"rendered":"Inici"},"content":{"rendered":"<p>[et_pb_section fb_built=&#8221;1&#8243; admin_label=&#8221;section&#8221; _builder_version=&#8221;4.9.4&#8243; hover_enabled=&#8221;0&#8243; custom_padding=&#8221;0px||0px||false|false&#8221; sticky_enabled=&#8221;0&#8243;][et_pb_row _builder_version=&#8221;4.9.4&#8243; _module_preset=&#8221;default&#8221; custom_padding=&#8221;0px||||false|false&#8221;][et_pb_column type=&#8221;4_4&#8243; _builder_version=&#8221;4.9.4&#8243; _module_preset=&#8221;default&#8221;][et_pb_slider _builder_version=&#8221;4.9.4&#8243; _module_preset=&#8221;default&#8221;][et_pb_slide heading=&#8221;Transformamos el conocimiento gen\u00e9tico&#8221; use_text_overlay=&#8221;on&#8221; text_overlay_color=&#8221;rgba(38,124,193,0.87)&#8221; _builder_version=&#8221;4.9.4&#8243; _module_preset=&#8221;default&#8221; header_level=&#8221;h2&#8243; header_font=&#8221;|600||||on|||&#8221; header_font_size=&#8221;40px&#8221; background_enable_color=&#8221;off&#8221; background_image=&#8221;https:\/\/www.gendiag.com\/wp-content\/uploads\/2016\/03\/slider1-960&#215;435-1.jpg&#8221; background_enable_image=&#8221;on&#8221; header_font_size_tablet=&#8221;20px&#8221; header_font_size_phone=&#8221;18px&#8221; header_font_size_last_edited=&#8221;on|desktop&#8221; sticky_transition=&#8221;on&#8221;][\/et_pb_slide][et_pb_slide heading=&#8221;En medicina personalizada&#8221; use_text_overlay=&#8221;on&#8221; text_overlay_color=&#8221;rgba(38,124,193,0.87)&#8221; _builder_version=&#8221;4.9.4&#8243; _module_preset=&#8221;default&#8221; header_level=&#8221;h2&#8243; header_font=&#8221;|600||||on|||&#8221; header_font_size=&#8221;40px&#8221; background_enable_color=&#8221;off&#8221; background_image=&#8221;https:\/\/www.gendiag.com\/wp-content\/uploads\/2016\/03\/slider21.jpg&#8221; background_enable_image=&#8221;on&#8221; header_font_size_tablet=&#8221;20px&#8221; header_font_size_phone=&#8221;18px&#8221; header_font_size_last_edited=&#8221;on|desktop&#8221; sticky_transition=&#8221;on&#8221;][\/et_pb_slide][et_pb_slide heading=&#8221;Gendiag&#8221; use_text_overlay=&#8221;on&#8221; text_overlay_color=&#8221;rgba(38,124,193,0.87)&#8221; _builder_version=&#8221;4.9.4&#8243; _module_preset=&#8221;default&#8221; header_level=&#8221;h2&#8243; header_font=&#8221;|600||||on|||&#8221; header_font_size=&#8221;40px&#8221; background_enable_color=&#8221;off&#8221; background_image=&#8221;https:\/\/www.gendiag.com\/wp-content\/uploads\/2016\/03\/slide15-900&#215;435-960&#215;435.jpg&#8221; background_enable_image=&#8221;on&#8221; header_font_size_tablet=&#8221;20px&#8221; header_font_size_phone=&#8221;18px&#8221; header_font_size_last_edited=&#8221;on|desktop&#8221; background_last_edited=&#8221;on|desktop&#8221; background_image_phone=&#8221;https:\/\/www.gendiag.com\/wp-content\/uploads\/2012\/11\/slide15-218&#215;146-1.jpg&#8221; background_enable_image_phone=&#8221;on&#8221; sticky_transition=&#8221;on&#8221;][\/et_pb_slide][\/et_pb_slider][et_pb_text _builder_version=&#8221;4.9.4&#8243; _module_preset=&#8221;default&#8221; text_font_size=&#8221;18px&#8221; text_letter_spacing=&#8221;2px&#8221;]<\/p>\n<p>L\u2019aven\u00e7 en la tecnologia aplicada a l\u2019an\u00e0lisi gen\u00e8tica, bioxips o <em>microarrays<\/em>, combinat amb l\u2019experi\u00e8ncia dels professionals de Gendiag en la recerca, desenvolupament i gesti\u00f3 de la companyia, ens ha perm\u00e8s culminar el projecte que vam comen\u00e7ar a l\u2019any 2006 amb el desenvolupament de 6 productes aplicats al camp de la medicina personalitzada.<\/p>\n<p>[\/et_pb_text][\/et_pb_column][\/et_pb_row][\/et_pb_section]<\/p>\n","protected":false},"excerpt":{"rendered":"<p>L\u2019aven\u00e7 en la tecnologia aplicada a l\u2019an\u00e0lisi gen\u00e8tica, bioxips o microarrays, combinat amb l\u2019experi\u00e8ncia dels professionals de Gendiag en la recerca, desenvolupament i gesti\u00f3 de la companyia, ens ha perm\u00e8s culminar el projecte que vam comen\u00e7ar a l\u2019any 2006 amb el desenvolupament de 6 productes aplicats al camp de la medicina personalitzada.<\/p>\n","protected":false},"author":1,"featured_media":0,"parent":0,"menu_order":0,"comment_status":"closed","ping_status":"closed","template":"","meta":{"_et_pb_use_builder":"on","_et_pb_old_content":"[vc_row][vc_column][layerslider_vc id=\"3\"][\/vc_column][\/vc_row][vc_row bg_image=\"1074\" padding=\"40px 0 0 0\"][vc_column][vc_column_text el_class=\"bigP\"]\r\n<p style=\"text-align: center;\">L\u2019aven\u00e7 en la tecnologia aplicada a l\u2019an\u00e0lisi gen\u00e8tica, bioxips o <em>microarrays<\/em>, combinat amb l\u2019experi\u00e8ncia dels professionals de Gendiag en la recerca, desenvolupament i gesti\u00f3 de la companyia, ens ha perm\u00e8s culminar el projecte que vam comen\u00e7ar a l\u2019any 2006 amb el desenvolupament de 6 productes aplicats al camp de la medicina personalitzada.<\/p>\r\n[\/vc_column_text][\/vc_column][\/vc_row]","_et_gb_content_width":""},"_links":{"self":[{"href":"https:\/\/www.gendiag.com\/ca\/wp-json\/wp\/v2\/pages\/1424"}],"collection":[{"href":"https:\/\/www.gendiag.com\/ca\/wp-json\/wp\/v2\/pages"}],"about":[{"href":"https:\/\/www.gendiag.com\/ca\/wp-json\/wp\/v2\/types\/page"}],"author":[{"embeddable":true,"href":"https:\/\/www.gendiag.com\/ca\/wp-json\/wp\/v2\/users\/1"}],"replies":[{"embeddable":true,"href":"https:\/\/www.gendiag.com\/ca\/wp-json\/wp\/v2\/comments?post=1424"}],"version-history":[{"count":6,"href":"https:\/\/www.gendiag.com\/ca\/wp-json\/wp\/v2\/pages\/1424\/revisions"}],"predecessor-version":[{"id":2347,"href":"https:\/\/www.gendiag.com\/ca\/wp-json\/wp\/v2\/pages\/1424\/revisions\/2347"}],"wp:attachment":[{"href":"https:\/\/www.gendiag.com\/ca\/wp-json\/wp\/v2\/media?parent=1424"}],"curies":[{"name":"wp","href":"https:\/\/api.w.org\/{rel}","templated":true}]}}